{"id":47,"date":"2025-07-18T09:43:48","date_gmt":"2025-07-18T07:43:48","guid":{"rendered":"https:\/\/ericazanney.com\/?page_id=47"},"modified":"2025-08-07T21:45:51","modified_gmt":"2025-08-07T19:45:51","slug":"projets-et-services","status":"publish","type":"page","link":"https:\/\/www.ericazanney.com\/index.php\/projets-et-services\/","title":{"rendered":"Projets et services"},"content":{"rendered":"\t\t<div data-elementor-type=\"wp-page\" data-elementor-id=\"47\" class=\"elementor elementor-47\">\n\t\t\t\t<div class=\"elementor-element elementor-element-13aedb4 e-flex e-con-boxed e-con e-parent\" data-id=\"13aedb4\" data-element_type=\"container\" data-settings=\"{&quot;background_background&quot;:&quot;classic&quot;}\">\n\t\t\t\t\t<div class=\"e-con-inner\">\n\t\t\t\t<div class=\"elementor-element elementor-element-b530bb5 elementor-widget elementor-widget-heading\" data-id=\"b530bb5\" data-element_type=\"widget\" data-widget_type=\"heading.default\">\n\t\t\t\t\t<h1 class=\"elementor-heading-title elementor-size-default\">Projets et services<\/h1>\t\t\t\t<\/div>\n\t\t\t\t\t<\/div>\n\t\t\t\t<\/div>\n\t\t<div class=\"elementor-element elementor-element-f4153b7 e-flex e-con-boxed e-con e-parent\" data-id=\"f4153b7\" data-element_type=\"container\">\n\t\t\t\t\t<div class=\"e-con-inner\">\n\t\t\t\t<div class=\"elementor-element elementor-element-a873dcb elementor-widget elementor-widget-heading\" data-id=\"a873dcb\" data-element_type=\"widget\" data-widget_type=\"heading.default\">\n\t\t\t\t\t<h2 class=\"elementor-heading-title elementor-size-default\">Voici les services que je propose et les projets que je porte<\/h2>\t\t\t\t<\/div>\n\t\t\t\t\t<\/div>\n\t\t\t\t<\/div>\n\t\t<div class=\"elementor-element elementor-element-b867077 e-flex e-con-boxed e-con e-parent\" data-id=\"b867077\" data-element_type=\"container\">\n\t\t\t\t\t<div class=\"e-con-inner\">\n\t\t\t\t<div class=\"elementor-element elementor-element-7649791 elementor-widget elementor-widget-heading\" data-id=\"7649791\" data-element_type=\"widget\" data-widget_type=\"heading.default\">\n\t\t\t\t\t<h2 class=\"elementor-heading-title elementor-size-default\">Formations<\/h2>\t\t\t\t<\/div>\n\t\t\t\t\t<\/div>\n\t\t\t\t<\/div>\n\t\t<div class=\"elementor-element elementor-element-9609889 e-flex e-con-boxed e-con e-parent\" data-id=\"9609889\" data-element_type=\"container\">\n\t\t\t\t\t<div class=\"e-con-inner\">\n\t\t<div class=\"elementor-element elementor-element-fb71bac e-con-full e-flex e-con e-child\" data-id=\"fb71bac\" data-element_type=\"container\">\n\t\t\t\t<div class=\"elementor-element elementor-element-e444291 elementor-widget elementor-widget-heading\" data-id=\"e444291\" data-element_type=\"widget\" data-widget_type=\"heading.default\">\n\t\t\t\t\t<h2 class=\"elementor-heading-title elementor-size-default\">Modules M\u00e9dia<\/h2>\t\t\t\t<\/div>\n\t\t\t\t<div class=\"elementor-element elementor-element-1ef1178 elementor-widget elementor-widget-heading\" data-id=\"1ef1178\" data-element_type=\"widget\" data-widget_type=\"heading.default\">\n\t\t\t\t\t<h2 class=\"elementor-heading-title elementor-size-default\">- Techniques de l\u2019\u00e9criture journalistique<\/h2>\t\t\t\t<\/div>\n\t\t\t\t<div class=\"elementor-element elementor-element-5901593 elementor-widget elementor-widget-heading\" data-id=\"5901593\" data-element_type=\"widget\" data-widget_type=\"heading.default\">\n\t\t\t\t\t<h2 class=\"elementor-heading-title elementor-size-default\">- Le portrait journalistique<\/h2>\t\t\t\t<\/div>\n\t\t\t\t<div class=\"elementor-element elementor-element-b78f5a5 elementor-widget elementor-widget-heading\" data-id=\"b78f5a5\" data-element_type=\"widget\" data-widget_type=\"heading.default\">\n\t\t\t\t\t<h2 class=\"elementor-heading-title elementor-size-default\">- Critique culturelle (Litt\u00e9rature, cin\u00e9ma, th\u00e9\u00e2tre, musique, arts plastiques)<\/h2>\t\t\t\t<\/div>\n\t\t\t\t<div class=\"elementor-element elementor-element-e47ee9c elementor-widget elementor-widget-heading\" data-id=\"e47ee9c\" data-element_type=\"widget\" data-widget_type=\"heading.default\">\n\t\t\t\t\t<h2 class=\"elementor-heading-title elementor-size-default\">- Les bons r\u00e9flexes \u00e0 d\u00e9velopper pour r\u00e9ussir la couverture m\u00e9diatique d\u2019un festival d\u2019envergure<\/h2>\t\t\t\t<\/div>\n\t\t\t\t<\/div>\n\t\t<div class=\"elementor-element elementor-element-2a04fe5 e-con-full e-flex e-con e-child\" data-id=\"2a04fe5\" data-element_type=\"container\">\n\t\t\t\t<div class=\"elementor-element elementor-element-11273ae elementor-widget elementor-widget-heading\" data-id=\"11273ae\" data-element_type=\"widget\" data-widget_type=\"heading.default\">\n\t\t\t\t\t<h2 class=\"elementor-heading-title elementor-size-default\">Module Projet et Gestion de carri\u00e8re artistique<\/h2>\t\t\t\t<\/div>\n\t\t\t\t<div class=\"elementor-element elementor-element-08f0b66 elementor-widget elementor-widget-heading\" data-id=\"08f0b66\" data-element_type=\"widget\" data-widget_type=\"heading.default\">\n\t\t\t\t\t<h2 class=\"elementor-heading-title elementor-size-default\">- R\u00e9daction de projet<\/h2>\t\t\t\t<\/div>\n\t\t\t\t<div class=\"elementor-element elementor-element-29866a6 elementor-widget elementor-widget-heading\" data-id=\"29866a6\" data-element_type=\"widget\" data-widget_type=\"heading.default\">\n\t\t\t\t\t<h2 class=\"elementor-heading-title elementor-size-default\">- Le management d\u2019artiste\u00a0: les outils cl\u00e9s<\/h2>\t\t\t\t<\/div>\n\t\t\t\t<div class=\"elementor-element elementor-element-bd50a93 elementor-widget elementor-widget-heading\" data-id=\"bd50a93\" data-element_type=\"widget\" data-widget_type=\"heading.default\">\n\t\t\t\t\t<h2 class=\"elementor-heading-title elementor-size-default\">- Quelques sp\u00e9cificit\u00e9s de contrats entre artiste et agence (management, production, etc.)<\/h2>\t\t\t\t<\/div>\n\t\t\t\t<div class=\"elementor-element elementor-element-d319148 elementor-widget elementor-widget-heading\" data-id=\"d319148\" data-element_type=\"widget\" data-widget_type=\"heading.default\">\n\t\t\t\t\t<h2 class=\"elementor-heading-title elementor-size-default\">- La communication et les relations m\u00e9dias autour d\u2019un projet<\/h2>\t\t\t\t<\/div>\n\t\t\t\t<div class=\"elementor-element elementor-element-1a898a4 elementor-widget elementor-widget-heading\" data-id=\"1a898a4\" data-element_type=\"widget\" data-widget_type=\"heading.default\">\n\t\t\t\t\t<h2 class=\"elementor-heading-title elementor-size-default\">- L\u2019identit\u00e9 et l\u2019image num\u00e9rique d\u2019un artiste (Artist branding \u00e0 l\u2019\u00e8re du num\u00e9rique)<\/h2>\t\t\t\t<\/div>\n\t\t\t\t<\/div>\n\t\t\t\t\t<\/div>\n\t\t\t\t<\/div>\n\t\t<div class=\"elementor-element elementor-element-9500506 e-flex e-con-boxed e-con e-parent\" data-id=\"9500506\" data-element_type=\"container\">\n\t\t\t\t\t<div class=\"e-con-inner\">\n\t\t\t\t<div class=\"elementor-element elementor-element-b6c0b62 elementor-widget elementor-widget-heading\" data-id=\"b6c0b62\" data-element_type=\"widget\" data-widget_type=\"heading.default\">\n\t\t\t\t\t<h2 class=\"elementor-heading-title elementor-size-default\">Mes comp\u00e9tences et expertises<\/h2>\t\t\t\t<\/div>\n\t\t\t\t\t<\/div>\n\t\t\t\t<\/div>\n\t\t<div class=\"elementor-element elementor-element-9d17b55 e-flex e-con-boxed e-con e-parent\" data-id=\"9d17b55\" data-element_type=\"container\">\n\t\t\t\t\t<div class=\"e-con-inner\">\n\t\t<div class=\"elementor-element elementor-element-74b22b6 e-con-full e-flex e-con e-child\" data-id=\"74b22b6\" data-element_type=\"container\">\n\t\t\t\t<div class=\"elementor-element elementor-element-58af920 elementor-widget elementor-widget-heading\" data-id=\"58af920\" data-element_type=\"widget\" data-widget_type=\"heading.default\">\n\t\t\t\t\t<h2 class=\"elementor-heading-title elementor-size-default\">- Branding (Personnal &amp; Nation)<\/h2>\t\t\t\t<\/div>\n\t\t\t\t<div class=\"elementor-element elementor-element-80a1eb6 elementor-widget elementor-widget-heading\" data-id=\"80a1eb6\" data-element_type=\"widget\" data-widget_type=\"heading.default\">\n\t\t\t\t\t<h2 class=\"elementor-heading-title elementor-size-default\">- Consultance en formation \u00e0 la critique culturelle et au d\u00e9veloppement de projet et carri\u00e8re artistique<\/h2>\t\t\t\t<\/div>\n\t\t\t\t<div class=\"elementor-element elementor-element-79b46ad elementor-widget elementor-widget-heading\" data-id=\"79b46ad\" data-element_type=\"widget\" data-widget_type=\"heading.default\">\n\t\t\t\t\t<h2 class=\"elementor-heading-title elementor-size-default\">- Commissariat d\u2019exposition<\/h2>\t\t\t\t<\/div>\n\t\t\t\t<div class=\"elementor-element elementor-element-5aef922 elementor-widget elementor-widget-heading\" data-id=\"5aef922\" data-element_type=\"widget\" data-widget_type=\"heading.default\">\n\t\t\t\t\t<h2 class=\"elementor-heading-title elementor-size-default\">- Consultance en d\u00e9veloppement de strat\u00e9gies de communication<\/h2>\t\t\t\t<\/div>\n\t\t\t\t<\/div>\n\t\t<div class=\"elementor-element elementor-element-23b1b4d e-con-full e-flex e-con e-child\" data-id=\"23b1b4d\" data-element_type=\"container\">\n\t\t\t\t<div class=\"elementor-element elementor-element-aa15737 elementor-widget elementor-widget-heading\" data-id=\"aa15737\" data-element_type=\"widget\" data-widget_type=\"heading.default\">\n\t\t\t\t\t<h2 class=\"elementor-heading-title elementor-size-default\">- Coordination de projet culturel<\/h2>\t\t\t\t<\/div>\n\t\t\t\t<div class=\"elementor-element elementor-element-6cc82bc elementor-widget elementor-widget-heading\" data-id=\"6cc82bc\" data-element_type=\"widget\" data-widget_type=\"heading.default\">\n\t\t\t\t\t<h2 class=\"elementor-heading-title elementor-size-default\">- Coordination (Direction ou r\u00e9daction en chef) de m\u00e9dia<\/h2>\t\t\t\t<\/div>\n\t\t\t\t<div class=\"elementor-element elementor-element-0fc0d99 elementor-widget elementor-widget-heading\" data-id=\"0fc0d99\" data-element_type=\"widget\" data-widget_type=\"heading.default\">\n\t\t\t\t\t<h2 class=\"elementor-heading-title elementor-size-default\">- Gestion des relations de presse<\/h2>\t\t\t\t<\/div>\n\t\t\t\t<div class=\"elementor-element elementor-element-987fe5f elementor-widget elementor-widget-heading\" data-id=\"987fe5f\" data-element_type=\"widget\" data-widget_type=\"heading.default\">\n\t\t\t\t\t<h2 class=\"elementor-heading-title elementor-size-default\">- Les bons r\u00e9flexes \u00e0 d\u00e9velopper pour r\u00e9ussir la couverture m\u00e9diatique d\u2019un festival d\u2019envergure<\/h2>\t\t\t\t<\/div>\n\t\t\t\t<\/div>\n\t\t\t\t\t<\/div>\n\t\t\t\t<\/div>\n\t\t<div class=\"elementor-element elementor-element-b019c39 e-flex e-con-boxed e-con e-parent\" data-id=\"b019c39\" data-element_type=\"container\">\n\t\t\t\t\t<div class=\"e-con-inner\">\n\t\t\t\t<div class=\"elementor-element elementor-element-2b86383 elementor-widget elementor-widget-heading\" data-id=\"2b86383\" data-element_type=\"widget\" data-widget_type=\"heading.default\">\n\t\t\t\t\t<h2 class=\"elementor-heading-title elementor-size-default\">Projets<\/h2>\t\t\t\t<\/div>\n\t\t\t\t\t<\/div>\n\t\t\t\t<\/div>\n\t\t<div class=\"elementor-element elementor-element-4173b11 e-flex e-con-boxed e-con e-parent\" data-id=\"4173b11\" data-element_type=\"container\">\n\t\t\t\t\t<div class=\"e-con-inner\">\n\t\t\t\t<div class=\"elementor-element elementor-element-32f9c27 elementor-widget elementor-widget-heading\" data-id=\"32f9c27\" data-element_type=\"widget\" data-widget_type=\"heading.default\">\n\t\t\t\t\t<h2 class=\"elementor-heading-title elementor-size-default\">Awal\u00e9 Afriki<\/h2>\t\t\t\t<\/div>\n\t\t\t\t<div class=\"elementor-element elementor-element-728f01a elementor-widget elementor-widget-text-editor\" data-id=\"728f01a\" data-element_type=\"widget\" data-widget_type=\"text-editor.default\">\n\t\t\t\t\t\t\t\t\t<p><span style=\"font-family: Times New Roman, serif;\">Lanc\u00e9 en juin 2017, ce projet qui f\u00e9d\u00e8re plusieurs \u00e9nergies comporte trois volets.<\/span><\/p>\t\t\t\t\t\t\t\t<\/div>\n\t\t\t\t\t<\/div>\n\t\t\t\t<\/div>\n\t\t<div class=\"elementor-element elementor-element-f2a543f e-flex e-con-boxed e-con e-parent\" data-id=\"f2a543f\" data-element_type=\"container\">\n\t\t\t\t\t<div class=\"e-con-inner\">\n\t\t<div class=\"elementor-element elementor-element-065148b e-con-full e-flex e-con e-child\" data-id=\"065148b\" data-element_type=\"container\">\n\t\t\t\t<div class=\"elementor-element elementor-element-4e7575c elementor-widget elementor-widget-text-editor\" data-id=\"4e7575c\" data-element_type=\"widget\" data-widget_type=\"text-editor.default\">\n\t\t\t\t\t\t\t\t\t<p>&#8211; <a href=\"https:\/\/www.awaleafriki.art\/\" target=\"_blank\" rel=\"noopener\">Un portail web<\/a> d&rsquo;informations culturelles li\u00e9es aux Afriques ainsi qu&rsquo;\u00e0 leurs diasporas<\/p><p>&#8211; <a href=\"https:\/\/www.awaleafriki.art\/magazines\/\" target=\"_blank\" rel=\"noopener\">Le magazine des rencontres<\/a> exclusivement consacr\u00e9 aux festivals partout o\u00f9 ils ont lieu. Ce magazine a la particularit\u00e9 de revenir sur plusieurs aspects d\u2019un festival couvert par l\u2019\u00e9quipe de la r\u00e9daction au-del\u00e0 des articles publi\u00e9s pendant le festival sur le portail web. Il est diffus\u00e9 en ligne, en consultation et t\u00e9l\u00e9chargement libres, et est \u00e9galement diffus\u00e9 via newsletter.<\/p><p>&#8211; <a href=\"https:\/\/www.awaleafriki.art\/category\/awale-booking\/\" target=\"_blank\" rel=\"noopener\">Booking d&rsquo;artistes<\/a>. Ici, nous trouvons des dates dans les programmations de centres culturels et de festivals \u00e0 des artistes que nous accompagnons.<\/p>\t\t\t\t\t\t\t\t<\/div>\n\t\t\t\t<\/div>\n\t\t\t\t\t<\/div>\n\t\t\t\t<\/div>\n\t\t<div class=\"elementor-element elementor-element-f0e567e e-flex e-con-boxed e-con e-parent\" data-id=\"f0e567e\" data-element_type=\"container\">\n\t\t\t\t\t<div class=\"e-con-inner\">\n\t\t\t\t<div class=\"elementor-element elementor-element-451482a elementor-widget elementor-widget-heading\" data-id=\"451482a\" data-element_type=\"widget\" data-widget_type=\"heading.default\">\n\t\t\t\t\t<h2 class=\"elementor-heading-title elementor-size-default\">Le Pont-AMIC<\/h2>\t\t\t\t<\/div>\n\t\t\t\t<div class=\"elementor-element elementor-element-caf936f elementor-widget elementor-widget-text-editor\" data-id=\"caf936f\" data-element_type=\"widget\" data-widget_type=\"text-editor.default\">\n\t\t\t\t\t\t\t\t\t<p>Avec l\u2019accompagnement technique de la couveuse \u00ab\u00a0P\u00e9pite Paca-Est\u00a0\u00bb, un dispositif national qui accompagne les jeunes entrepreneurs du milieu universitaire en France, je mets en place \u00ab\u00a0<strong>Le Pont\u00a0<\/strong>\u00bb qui est une <strong>Agence de M\u00e9diation et d\u2019Ing\u00e9nierie Culturelle<\/strong>. Ce projet porte plusieurs volets en cours de d\u00e9veloppement mais d\u2019ores et d\u00e9j\u00e0 offre des services en :<\/p>\t\t\t\t\t\t\t\t<\/div>\n\t\t\t\t\t<\/div>\n\t\t\t\t<\/div>\n\t\t<div class=\"elementor-element elementor-element-f3feb0f e-flex e-con-boxed e-con e-parent\" data-id=\"f3feb0f\" data-element_type=\"container\">\n\t\t\t\t\t<div class=\"e-con-inner\">\n\t\t<div class=\"elementor-element elementor-element-f09977e e-con-full e-flex e-con e-child\" data-id=\"f09977e\" data-element_type=\"container\">\n\t\t\t\t<div class=\"elementor-element elementor-element-e8c83fd elementor-widget elementor-widget-text-editor\" data-id=\"e8c83fd\" data-element_type=\"widget\" data-widget_type=\"text-editor.default\">\n\t\t\t\t\t\t\t\t\t<p>&#8211; Relations presse<\/p>\t\t\t\t\t\t\t\t<\/div>\n\t\t\t\t<div class=\"elementor-element elementor-element-dcbaa98 elementor-widget elementor-widget-text-editor\" data-id=\"dcbaa98\" data-element_type=\"widget\" data-widget_type=\"text-editor.default\">\n\t\t\t\t\t\t\t\t\t<p>&#8211; Edition de livre<\/p>\t\t\t\t\t\t\t\t<\/div>\n\t\t\t\t<div class=\"elementor-element elementor-element-e8e199b elementor-widget elementor-widget-text-editor\" data-id=\"e8e199b\" data-element_type=\"widget\" data-widget_type=\"text-editor.default\">\n\t\t\t\t\t\t\t\t\t<p>&#8211; D\u00e9veloppement de carri\u00e8re artistique<\/p>\t\t\t\t\t\t\t\t<\/div>\n\t\t\t\t<div class=\"elementor-element elementor-element-43bcac8 elementor-widget elementor-widget-text-editor\" data-id=\"43bcac8\" data-element_type=\"widget\" data-widget_type=\"text-editor.default\">\n\t\t\t\t\t\t\t\t\t<p>&#8211; Gestion de projet culturel<\/p>\t\t\t\t\t\t\t\t<\/div>\n\t\t\t\t<\/div>\n\t\t\t\t\t<\/div>\n\t\t\t\t<\/div>\n\t\t\t\t<\/div>\n\t\t","protected":false},"excerpt":{"rendered":"<p>Projets et services Voici les services que je propose et les projets que je porte Formations Modules M\u00e9dia &#8211; Techniques de l\u2019\u00e9criture journalistique &#8211; Le portrait journalistique &#8211; Critique culturelle (Litt\u00e9rature, cin\u00e9ma, th\u00e9\u00e2tre, musique, arts plastiques) &#8211; Les bons r\u00e9flexes \u00e0 d\u00e9velopper pour r\u00e9ussir la couverture m\u00e9diatique d\u2019un festival d\u2019envergure Module Projet et Gestion de&#8230;<\/p>\n","protected":false},"author":1,"featured_media":0,"parent":0,"menu_order":0,"comment_status":"closed","ping_status":"closed","template":"elementor_header_footer","meta":{"_kad_post_transparent":"default","_kad_post_title":"hide","_kad_post_layout":"fullwidth","_kad_post_sidebar_id":"","_kad_post_content_style":"unboxed","_kad_post_vertical_padding":"hide","_kad_post_feature":"hide","_kad_post_feature_position":"","_kad_post_header":false,"_kad_post_footer":false,"footnotes":""},"class_list":["post-47","page","type-page","status-publish","hentry"],"yoast_head":"<!-- This site is optimized with the Yoast SEO plugin v25.5 - https:\/\/yoast.com\/wordpress\/plugins\/seo\/ -->\n<title>Projets et services - Blog Cossi Eric Azanney<\/title>\n<meta name=\"description\" content=\"- Techniques de l\u2019\u00e9criture journalistique- Le portrait journalistique- Critique culturelle (Litt\u00e9rature, cin\u00e9ma, th\u00e9\u00e2tre, musique, arts\" \/>\n<meta name=\"robots\" content=\"index, follow, max-snippet:-1, max-image-preview:large, max-video-preview:-1\" \/>\n<link rel=\"canonical\" href=\"https:\/\/www.ericazanney.com\/index.php\/projets-et-services\/\" \/>\n<meta property=\"og:locale\" content=\"fr_FR\" \/>\n<meta property=\"og:type\" content=\"article\" \/>\n<meta property=\"og:title\" content=\"Projets et services - Blog Cossi Eric Azanney\" \/>\n<meta property=\"og:description\" content=\"- Techniques de l\u2019\u00e9criture journalistique- Le portrait journalistique- Critique culturelle (Litt\u00e9rature, cin\u00e9ma, th\u00e9\u00e2tre, musique, arts\" \/>\n<meta property=\"og:url\" content=\"https:\/\/www.ericazanney.com\/index.php\/projets-et-services\/\" \/>\n<meta property=\"og:site_name\" content=\"Blog Cossi Eric Azanney\" \/>\n<meta property=\"article:modified_time\" content=\"2025-08-07T19:45:51+00:00\" \/>\n<meta name=\"twitter:card\" content=\"summary_large_image\" \/>\n<meta name=\"twitter:label1\" content=\"Dur\u00e9e de lecture estim\u00e9e\" \/>\n\t<meta name=\"twitter:data1\" content=\"2 minutes\" \/>\n<script type=\"application\/ld+json\" class=\"yoast-schema-graph\">{\"@context\":\"https:\/\/schema.org\",\"@graph\":[{\"@type\":\"WebPage\",\"@id\":\"https:\/\/www.ericazanney.com\/index.php\/projets-et-services\/\",\"url\":\"https:\/\/www.ericazanney.com\/index.php\/projets-et-services\/\",\"name\":\"Projets et services - Blog Cossi Eric Azanney\",\"isPartOf\":{\"@id\":\"https:\/\/www.ericazanney.com\/#website\"},\"datePublished\":\"2025-07-18T07:43:48+00:00\",\"dateModified\":\"2025-08-07T19:45:51+00:00\",\"description\":\"- Techniques de l\u2019\u00e9criture journalistique- Le portrait journalistique- Critique culturelle (Litt\u00e9rature, cin\u00e9ma, th\u00e9\u00e2tre, musique, arts\",\"breadcrumb\":{\"@id\":\"https:\/\/www.ericazanney.com\/index.php\/projets-et-services\/#breadcrumb\"},\"inLanguage\":\"fr-FR\",\"potentialAction\":[{\"@type\":\"ReadAction\",\"target\":[\"https:\/\/www.ericazanney.com\/index.php\/projets-et-services\/\"]}]},{\"@type\":\"BreadcrumbList\",\"@id\":\"https:\/\/www.ericazanney.com\/index.php\/projets-et-services\/#breadcrumb\",\"itemListElement\":[{\"@type\":\"ListItem\",\"position\":1,\"name\":\"Home\",\"item\":\"https:\/\/www.ericazanney.com\/\"},{\"@type\":\"ListItem\",\"position\":2,\"name\":\"Projets et services\"}]},{\"@type\":\"WebSite\",\"@id\":\"https:\/\/www.ericazanney.com\/#website\",\"url\":\"https:\/\/www.ericazanney.com\/\",\"name\":\"Blog Cossi Eric Azanney\",\"description\":\"\",\"publisher\":{\"@id\":\"https:\/\/www.ericazanney.com\/#organization\"},\"alternateName\":\"Cossi Eric Azanney\",\"potentialAction\":[{\"@type\":\"SearchAction\",\"target\":{\"@type\":\"EntryPoint\",\"urlTemplate\":\"https:\/\/www.ericazanney.com\/?s={search_term_string}\"},\"query-input\":{\"@type\":\"PropertyValueSpecification\",\"valueRequired\":true,\"valueName\":\"search_term_string\"}}],\"inLanguage\":\"fr-FR\"},{\"@type\":\"Organization\",\"@id\":\"https:\/\/www.ericazanney.com\/#organization\",\"name\":\"Blog Cossi Eric Azanney\",\"alternateName\":\"Cossi Eric Azanney\",\"url\":\"https:\/\/www.ericazanney.com\/\",\"logo\":{\"@type\":\"ImageObject\",\"inLanguage\":\"fr-FR\",\"@id\":\"https:\/\/www.ericazanney.com\/#\/schema\/logo\/image\/\",\"url\":\"https:\/\/www.ericazanney.com\/wp-content\/uploads\/2025\/07\/logo-cea-bleu.png\",\"contentUrl\":\"https:\/\/www.ericazanney.com\/wp-content\/uploads\/2025\/07\/logo-cea-bleu.png\",\"width\":800,\"height\":400,\"caption\":\"Blog Cossi Eric Azanney\"},\"image\":{\"@id\":\"https:\/\/www.ericazanney.com\/#\/schema\/logo\/image\/\"}}]}<\/script>\n<!-- \/ Yoast SEO plugin. -->","yoast_head_json":{"title":"Projets et services - Blog Cossi Eric Azanney","description":"- Techniques de l\u2019\u00e9criture journalistique- Le portrait journalistique- Critique culturelle (Litt\u00e9rature, cin\u00e9ma, th\u00e9\u00e2tre, musique, arts","robots":{"index":"index","follow":"follow","max-snippet":"max-snippet:-1","max-image-preview":"max-image-preview:large","max-video-preview":"max-video-preview:-1"},"canonical":"https:\/\/www.ericazanney.com\/index.php\/projets-et-services\/","og_locale":"fr_FR","og_type":"article","og_title":"Projets et services - Blog Cossi Eric Azanney","og_description":"- Techniques de l\u2019\u00e9criture journalistique- Le portrait journalistique- Critique culturelle (Litt\u00e9rature, cin\u00e9ma, th\u00e9\u00e2tre, musique, arts","og_url":"https:\/\/www.ericazanney.com\/index.php\/projets-et-services\/","og_site_name":"Blog Cossi Eric Azanney","article_modified_time":"2025-08-07T19:45:51+00:00","twitter_card":"summary_large_image","twitter_misc":{"Dur\u00e9e de lecture estim\u00e9e":"2 minutes"},"schema":{"@context":"https:\/\/schema.org","@graph":[{"@type":"WebPage","@id":"https:\/\/www.ericazanney.com\/index.php\/projets-et-services\/","url":"https:\/\/www.ericazanney.com\/index.php\/projets-et-services\/","name":"Projets et services - Blog Cossi Eric Azanney","isPartOf":{"@id":"https:\/\/www.ericazanney.com\/#website"},"datePublished":"2025-07-18T07:43:48+00:00","dateModified":"2025-08-07T19:45:51+00:00","description":"- Techniques de l\u2019\u00e9criture journalistique- Le portrait journalistique- Critique culturelle (Litt\u00e9rature, cin\u00e9ma, th\u00e9\u00e2tre, musique, arts","breadcrumb":{"@id":"https:\/\/www.ericazanney.com\/index.php\/projets-et-services\/#breadcrumb"},"inLanguage":"fr-FR","potentialAction":[{"@type":"ReadAction","target":["https:\/\/www.ericazanney.com\/index.php\/projets-et-services\/"]}]},{"@type":"BreadcrumbList","@id":"https:\/\/www.ericazanney.com\/index.php\/projets-et-services\/#breadcrumb","itemListElement":[{"@type":"ListItem","position":1,"name":"Home","item":"https:\/\/www.ericazanney.com\/"},{"@type":"ListItem","position":2,"name":"Projets et services"}]},{"@type":"WebSite","@id":"https:\/\/www.ericazanney.com\/#website","url":"https:\/\/www.ericazanney.com\/","name":"Blog Cossi Eric Azanney","description":"","publisher":{"@id":"https:\/\/www.ericazanney.com\/#organization"},"alternateName":"Cossi Eric Azanney","potentialAction":[{"@type":"SearchAction","target":{"@type":"EntryPoint","urlTemplate":"https:\/\/www.ericazanney.com\/?s={search_term_string}"},"query-input":{"@type":"PropertyValueSpecification","valueRequired":true,"valueName":"search_term_string"}}],"inLanguage":"fr-FR"},{"@type":"Organization","@id":"https:\/\/www.ericazanney.com\/#organization","name":"Blog Cossi Eric Azanney","alternateName":"Cossi Eric Azanney","url":"https:\/\/www.ericazanney.com\/","logo":{"@type":"ImageObject","inLanguage":"fr-FR","@id":"https:\/\/www.ericazanney.com\/#\/schema\/logo\/image\/","url":"https:\/\/www.ericazanney.com\/wp-content\/uploads\/2025\/07\/logo-cea-bleu.png","contentUrl":"https:\/\/www.ericazanney.com\/wp-content\/uploads\/2025\/07\/logo-cea-bleu.png","width":800,"height":400,"caption":"Blog Cossi Eric Azanney"},"image":{"@id":"https:\/\/www.ericazanney.com\/#\/schema\/logo\/image\/"}}]}},"_links":{"self":[{"href":"https:\/\/www.ericazanney.com\/index.php\/wp-json\/wp\/v2\/pages\/47","targetHints":{"allow":["GET"]}}],"collection":[{"href":"https:\/\/www.ericazanney.com\/index.php\/wp-json\/wp\/v2\/pages"}],"about":[{"href":"https:\/\/www.ericazanney.com\/index.php\/wp-json\/wp\/v2\/types\/page"}],"author":[{"embeddable":true,"href":"https:\/\/www.ericazanney.com\/index.php\/wp-json\/wp\/v2\/users\/1"}],"replies":[{"embeddable":true,"href":"https:\/\/www.ericazanney.com\/index.php\/wp-json\/wp\/v2\/comments?post=47"}],"version-history":[{"count":125,"href":"https:\/\/www.ericazanney.com\/index.php\/wp-json\/wp\/v2\/pages\/47\/revisions"}],"predecessor-version":[{"id":1738,"href":"https:\/\/www.ericazanney.com\/index.php\/wp-json\/wp\/v2\/pages\/47\/revisions\/1738"}],"wp:attachment":[{"href":"https:\/\/www.ericazanney.com\/index.php\/wp-json\/wp\/v2\/media?parent=47"}],"curies":[{"name":"wp","href":"https:\/\/api.w.org\/{rel}","templated":true}]}}