{"id":42,"date":"2025-07-18T09:42:07","date_gmt":"2025-07-18T07:42:07","guid":{"rendered":"https:\/\/ericazanney.com\/?page_id=42"},"modified":"2025-08-08T12:43:33","modified_gmt":"2025-08-08T10:43:33","slug":"ma-bio","status":"publish","type":"page","link":"https:\/\/www.ericazanney.com\/index.php\/ma-bio\/","title":{"rendered":"Ma bio"},"content":{"rendered":"\t\t<div data-elementor-type=\"wp-page\" data-elementor-id=\"42\" class=\"elementor elementor-42\">\n\t\t\t\t<div class=\"elementor-element elementor-element-96de408 e-flex e-con-boxed e-con e-parent\" data-id=\"96de408\" data-element_type=\"container\" data-settings=\"{&quot;background_background&quot;:&quot;classic&quot;}\">\n\t\t\t\t\t<div class=\"e-con-inner\">\n\t\t\t\t<div class=\"elementor-element elementor-element-68754fe elementor-widget elementor-widget-heading\" data-id=\"68754fe\" data-element_type=\"widget\" data-widget_type=\"heading.default\">\n\t\t\t\t\t<h1 class=\"elementor-heading-title elementor-size-default\">Biographie<\/h1>\t\t\t\t<\/div>\n\t\t\t\t\t<\/div>\n\t\t\t\t<\/div>\n\t\t<div class=\"elementor-element elementor-element-c6bb952 e-flex e-con-boxed e-con e-parent\" data-id=\"c6bb952\" data-element_type=\"container\">\n\t\t\t\t\t<div class=\"e-con-inner\">\n\t\t\t\t<div class=\"elementor-element elementor-element-408cb2b elementor-widget elementor-widget-image\" data-id=\"408cb2b\" data-element_type=\"widget\" data-widget_type=\"image.default\">\n\t\t\t\t\t\t\t\t\t\t\t\t\t\t\t<img fetchpriority=\"high\" decoding=\"async\" width=\"682\" height=\"1024\" src=\"https:\/\/www.ericazanney.com\/wp-content\/uploads\/2025\/07\/cossi-eric-azanney1-682x1024.jpg\" class=\"attachment-large size-large wp-image-726\" alt=\"\" srcset=\"https:\/\/www.ericazanney.com\/wp-content\/uploads\/2025\/07\/cossi-eric-azanney1-682x1024.jpg 682w, https:\/\/www.ericazanney.com\/wp-content\/uploads\/2025\/07\/cossi-eric-azanney1-200x300.jpg 200w, https:\/\/www.ericazanney.com\/wp-content\/uploads\/2025\/07\/cossi-eric-azanney1.jpg 749w\" sizes=\"(max-width: 682px) 100vw, 682px\" \/>\t\t\t\t\t\t\t\t\t\t\t\t\t\t\t<\/div>\n\t\t<div class=\"elementor-element elementor-element-0225e40 e-con-full e-flex e-con e-child\" data-id=\"0225e40\" data-element_type=\"container\">\n\t\t\t\t<div class=\"elementor-element elementor-element-8d73f89 elementor-widget elementor-widget-heading\" data-id=\"8d73f89\" data-element_type=\"widget\" data-widget_type=\"heading.default\">\n\t\t\t\t\t<h1 class=\"elementor-heading-title elementor-size-default\">Cossi Eric Azanney<\/h1>\t\t\t\t<\/div>\n\t\t\t\t<div class=\"elementor-element elementor-element-337c28c elementor-widget elementor-widget-heading\" data-id=\"337c28c\" data-element_type=\"widget\" data-widget_type=\"heading.default\">\n\t\t\t\t\t<h2 class=\"elementor-heading-title elementor-size-default\">Journaliste et Ing\u00e9nieur des industries culturelles et cr\u00e9atives.<\/h2>\t\t\t\t<\/div>\n\t\t\t\t<\/div>\n\t\t\t\t\t<\/div>\n\t\t\t\t<\/div>\n\t\t<div class=\"elementor-element elementor-element-7695e2b e-flex e-con-boxed e-con e-parent\" data-id=\"7695e2b\" data-element_type=\"container\">\n\t\t\t\t\t<div class=\"e-con-inner\">\n\t\t\t\t<div class=\"elementor-element elementor-element-275a738 elementor-widget elementor-widget-text-editor\" data-id=\"275a738\" data-element_type=\"widget\" data-widget_type=\"text-editor.default\">\n\t\t\t\t\t\t\t\t\t<p>Cossi Eric Azanney est journaliste et ing\u00e9nieur des industries culturelles et cr\u00e9atives. Form\u00e9 en Lettres modernes, en journalisme et en ing\u00e9nierie de la culture, il dirige le groupe Awal\u00e9 Afriki qu\u2019il a fond\u00e9 en 2017. Il est l\u2019auteur de \u00ab Infiltration \u00bb (th\u00e9\u00e2tre, 2017) \u00ab Ailleurs presque nulle part \u00bb (Po\u00e9sie,2019),<br \/>\u00ab Engagement artistique et identit\u00e9 (Essai, 2021).<br \/>T\u00e9moin contemporain de l\u2019expression artistique, avec une pr\u00e9sence fr\u00e9quente sur de grands rendez-vous culturels dans le monde, Eric Azanney tisse des liens qu\u2019il met \u00e0 profit des artistes qu\u2019il accompagne \u00e0 travers du Booking et du d\u00e9veloppement de carri\u00e8re.<br \/>Son int\u00e9r\u00eat pour les industries culturelles et cr\u00e9atives l\u2019am\u00e8ne \u00e0 poursuivre des \u00e9tudes dans un parcours \u00ab Ev\u00e9nementiel, m\u00e9diation et ing\u00e9nierie de la culture, mus\u00e9e et patrimoine \u00bb, en France.<\/p>\t\t\t\t\t\t\t\t<\/div>\n\t\t\t\t\t<\/div>\n\t\t\t\t<\/div>\n\t\t<div class=\"elementor-element elementor-element-e37c191 e-flex e-con-boxed e-con e-parent\" data-id=\"e37c191\" data-element_type=\"container\">\n\t\t\t\t\t<div class=\"e-con-inner\">\n\t\t\t\t<div class=\"elementor-element elementor-element-f1c8716 elementor-widget elementor-widget-text-editor\" data-id=\"f1c8716\" data-element_type=\"widget\" data-widget_type=\"text-editor.default\">\n\t\t\t\t\t\t\t\t\t<p>Apr\u00e8s 10 ans de vie active, il a repris les \u00e9tudes afin de s\u2019outiller davantage dans le domaine o\u00f9 il \u00e9volue d\u00e9j\u00e0 sur le plan professionnel et de faire une th\u00e8se de doctorat\u00a0<\/p>\t\t\t\t\t\t\t\t<\/div>\n\t\t\t\t\t<\/div>\n\t\t\t\t<\/div>\n\t\t<div class=\"elementor-element elementor-element-8e560f4 e-flex e-con-boxed e-con e-parent\" data-id=\"8e560f4\" data-element_type=\"container\">\n\t\t\t\t\t<div class=\"e-con-inner\">\n\t\t\t\t<div class=\"elementor-element elementor-element-e2c818c elementor-widget elementor-widget-text-editor\" data-id=\"e2c818c\" data-element_type=\"widget\" data-widget_type=\"text-editor.default\">\n\t\t\t\t\t\t\t\t\t<p>N\u00e9 au B\u00e9nin en Afrique de l\u2019Ouest dans une famille modeste, Eric a toujours cultiv\u00e9 son int\u00e9r\u00eat pour la litt\u00e9rature, la musique, la danse depuis son enfance. Le cadre familial a favoris\u00e9 la curiosit\u00e9 et l\u2019acc\u00e8s \u00e0 la culture, puis tr\u00e8s t\u00f4t, le jeune homme du quartier Agla voulait devenir journaliste ou \u00e9crivain ou chanteur. Il sera alors un journaliste sp\u00e9cialiste des questions artistiques et culturelles, puis publiera des livres.<br \/>Apr\u00e8s l\u2019obtention de son Baccalaur\u00e9at, il s\u2019inscrit \u00e0 l\u2019universit\u00e9 d\u2019Abomey-calavi \u00e0 la Facult\u00e9 des lettres arts et sciences humaines. Parall\u00e8lement, il passe \u00e0 succ\u00e8s le test pour int\u00e9grer la presse universitaire (presse \u00e9cole \u00e9crite et radio) o\u00f9 il commence stagiaire pour finir, quatre ans plus tard, Directeur de publication du journal Le H\u00e9raut, apr\u00e8s avoir occup\u00e9 les postes de Chef rubrique culture, de Secr\u00e9taire de r\u00e9daction, de R\u00e9dacteur en chef. Pendant ses formations en lettres et en journalisme \u00e0 l\u2019universit\u00e9, Eric Azanney a toujours eu un pied dans la vie professionnelle puisque son talent, sa rigueur au travail le pr\u00e9c\u00e9daient. Il a servi sur la page Culture du quotidien \u00ab\u00a0l\u2019\u00c9v\u00e9nement pr\u00e9cis\u00a0\u00bb et aussi au journal \u00ab\u00a0Le Clairon\u00a0\u00bb. Il a commenc\u00e9 collaborateur externe au centre culturel et Web-groupe de presse \u00ab\u00a0Artisttik Africa\u00a0\u00bb, pour finalement y occuper de 2015 \u00e0 2017, les postes d\u2019administrateur int\u00e9rimaire et de R\u00e9dacteur en chef. Il anime une \u00e9mission culturelle sur l\u2019une des fr\u00e9quences radio les plus \u00e9cout\u00e9es du B\u00e9nin entre 2014 et 2017 (Radio Soleil Fm) en tant que membre actif de l\u2019Association des journalistes culturels du B\u00e9nin. Il travaille sur plusieurs projets culturels en tant que charg\u00e9 de communication ou coordinateur.<\/p>\t\t\t\t\t\t\t\t<\/div>\n\t\t\t\t<div class=\"elementor-element elementor-element-4ae87d9 elementor-widget elementor-widget-image\" data-id=\"4ae87d9\" data-element_type=\"widget\" data-widget_type=\"image.default\">\n\t\t\t\t\t\t\t\t\t\t\t\t\t\t\t<img decoding=\"async\" width=\"1024\" height=\"682\" src=\"https:\/\/www.ericazanney.com\/wp-content\/uploads\/2025\/07\/eric-azanney-bonnet-1024x682.jpeg\" class=\"attachment-large size-large wp-image-1626\" alt=\"\" srcset=\"https:\/\/www.ericazanney.com\/wp-content\/uploads\/2025\/07\/eric-azanney-bonnet-1024x682.jpeg 1024w, https:\/\/www.ericazanney.com\/wp-content\/uploads\/2025\/07\/eric-azanney-bonnet-300x200.jpeg 300w, https:\/\/www.ericazanney.com\/wp-content\/uploads\/2025\/07\/eric-azanney-bonnet-768x512.jpeg 768w, https:\/\/www.ericazanney.com\/wp-content\/uploads\/2025\/07\/eric-azanney-bonnet-1536x1023.jpeg 1536w, https:\/\/www.ericazanney.com\/wp-content\/uploads\/2025\/07\/eric-azanney-bonnet.jpeg 1600w\" sizes=\"(max-width: 1024px) 100vw, 1024px\" \/>\t\t\t\t\t\t\t\t\t\t\t\t\t\t\t<\/div>\n\t\t\t\t<div class=\"elementor-element elementor-element-a72fe8e elementor-widget elementor-widget-text-editor\" data-id=\"a72fe8e\" data-element_type=\"widget\" data-widget_type=\"text-editor.default\">\n\t\t\t\t\t\t\t\t\t<p>En juin 2017, il d\u00e9cide de lancer le groupe Awal\u00e9 Afriki qui est constitu\u00e9 d\u2019un portail web d\u2019informations socioculturelles d\u00e9di\u00e9 aux Afriques, aux Cara\u00efbes ainsi qu\u2019\u00e0 leurs diasporas ; d\u2019un Magazine d\u00e9nomm\u00e9 \u00ab <a href=\"https:\/\/www.awaleafriki.art\/magazines\/\" target=\"_blank\" rel=\"noopener\">Le Magazine des Rencontres<\/a> \u00bb qui est destin\u00e9 \u00e0 faire un zoom sur les rencontres de toutes sortes auxquelles l\u2019\u00e9quipe est associ\u00e9e en Afrique et ailleurs. Et, apr\u00e8s une exp\u00e9rience enrichissante en Belgique en 2019 au sein l\u2019agence artistique \u00ab\u00a0Beats \u2018n\u2019 Roots\u00a0\u00bb, il d\u00e9veloppe le volet <a href=\"https:\/\/www.awaleafriki.art\/category\/awale-booking\/\" target=\"_blank\" rel=\"noopener\">Booking d\u2019artistes<\/a> au projet <a href=\"https:\/\/awaleafriki.art\/\" target=\"_blank\" rel=\"noopener\">Awal\u00e9 Afriki<\/a>.<\/p><p>Il est recrut\u00e9 par l&rsquo;Acad\u00e9mie de Nice pour l&rsquo;\u00e9ducation nationale en tant que professeur de fran\u00e7ais au lyc\u00e9e, en 2023.<\/p><p>Depuis 2024, il pr\u00e9pare un double doctorat en communication num\u00e9rique et interm\u00e9diation culturelle \u00e0 l\u2019Institut National de la Recherche Scientifique de Montr\u00e9al, puis en Sciences de l\u2019information et de la communication \u00e0 l\u2019Universit\u00e9 C\u00f4te d\u2019Azur de Nice.<br \/>Avec l\u2019accompagnement technique de la couveuse \u00ab P\u00e9pite Paca-Est \u00bb, un dispositif national qui accompagne les jeunes entrepreneurs du milieu universitaire en France, il met en place \u00ab Le Pont \u00bb qui est une Agence de M\u00e9diation et d\u2019Ing\u00e9nierie Culturelle.<\/p>\t\t\t\t\t\t\t\t<\/div>\n\t\t\t\t\t<\/div>\n\t\t\t\t<\/div>\n\t\t\t\t<\/div>\n\t\t","protected":false},"excerpt":{"rendered":"<p>Biographie Cossi Eric Azanney Journaliste et Ing\u00e9nieur des industries culturelles et cr\u00e9atives. Cossi Eric Azanney est journaliste et ing\u00e9nieur des industries culturelles et cr\u00e9atives. Form\u00e9 en Lettres modernes, en journalisme et en ing\u00e9nierie de la culture, il dirige le groupe Awal\u00e9 Afriki qu\u2019il a fond\u00e9 en 2017. Il est l\u2019auteur de \u00ab Infiltration \u00bb (th\u00e9\u00e2tre,&#8230;<\/p>\n","protected":false},"author":1,"featured_media":0,"parent":0,"menu_order":0,"comment_status":"closed","ping_status":"closed","template":"elementor_header_footer","meta":{"_kad_post_transparent":"default","_kad_post_title":"hide","_kad_post_layout":"fullwidth","_kad_post_sidebar_id":"","_kad_post_content_style":"unboxed","_kad_post_vertical_padding":"hide","_kad_post_feature":"hide","_kad_post_feature_position":"","_kad_post_header":false,"_kad_post_footer":false,"footnotes":""},"class_list":["post-42","page","type-page","status-publish","hentry"],"yoast_head":"<!-- This site is optimized with the Yoast SEO plugin v25.5 - https:\/\/yoast.com\/wordpress\/plugins\/seo\/ -->\n<title>Biographie de Cossi Eric Azanney<\/title>\n<meta name=\"description\" content=\"Cossi Eric Azanney, Journaliste et professionnel des industries culturelles et cr\u00e9atives. Form\u00e9 en Lettres modernes, en journalisme\" \/>\n<meta name=\"robots\" content=\"index, follow, max-snippet:-1, max-image-preview:large, max-video-preview:-1\" \/>\n<link rel=\"canonical\" href=\"https:\/\/www.ericazanney.com\/index.php\/ma-bio\/\" \/>\n<meta property=\"og:locale\" content=\"fr_FR\" \/>\n<meta property=\"og:type\" content=\"article\" \/>\n<meta property=\"og:title\" content=\"Biographie de Cossi Eric Azanney\" \/>\n<meta property=\"og:description\" content=\"Cossi Eric Azanney, Journaliste et professionnel des industries culturelles et cr\u00e9atives. Form\u00e9 en Lettres modernes, en journalisme\" \/>\n<meta property=\"og:url\" content=\"https:\/\/www.ericazanney.com\/index.php\/ma-bio\/\" \/>\n<meta property=\"og:site_name\" content=\"Blog Cossi Eric Azanney\" \/>\n<meta property=\"article:modified_time\" content=\"2025-08-08T10:43:33+00:00\" \/>\n<meta property=\"og:image\" content=\"https:\/\/www.ericazanney.com\/wp-content\/uploads\/2025\/07\/cossi-eric-azanney1.jpg\" \/>\n\t<meta property=\"og:image:width\" content=\"749\" \/>\n\t<meta property=\"og:image:height\" content=\"1124\" \/>\n\t<meta property=\"og:image:type\" content=\"image\/jpeg\" \/>\n<meta name=\"twitter:card\" content=\"summary_large_image\" \/>\n<meta name=\"twitter:label1\" content=\"Dur\u00e9e de lecture estim\u00e9e\" \/>\n\t<meta name=\"twitter:data1\" content=\"4 minutes\" \/>\n<script type=\"application\/ld+json\" class=\"yoast-schema-graph\">{\"@context\":\"https:\/\/schema.org\",\"@graph\":[{\"@type\":\"WebPage\",\"@id\":\"https:\/\/www.ericazanney.com\/index.php\/ma-bio\/\",\"url\":\"https:\/\/www.ericazanney.com\/index.php\/ma-bio\/\",\"name\":\"Biographie de Cossi Eric Azanney\",\"isPartOf\":{\"@id\":\"https:\/\/www.ericazanney.com\/#website\"},\"primaryImageOfPage\":{\"@id\":\"https:\/\/www.ericazanney.com\/index.php\/ma-bio\/#primaryimage\"},\"image\":{\"@id\":\"https:\/\/www.ericazanney.com\/index.php\/ma-bio\/#primaryimage\"},\"thumbnailUrl\":\"https:\/\/www.ericazanney.com\/wp-content\/uploads\/2025\/07\/cossi-eric-azanney1-682x1024.jpg\",\"datePublished\":\"2025-07-18T07:42:07+00:00\",\"dateModified\":\"2025-08-08T10:43:33+00:00\",\"description\":\"Cossi Eric Azanney, Journaliste et professionnel des industries culturelles et cr\u00e9atives. Form\u00e9 en Lettres modernes, en journalisme\",\"breadcrumb\":{\"@id\":\"https:\/\/www.ericazanney.com\/index.php\/ma-bio\/#breadcrumb\"},\"inLanguage\":\"fr-FR\",\"potentialAction\":[{\"@type\":\"ReadAction\",\"target\":[\"https:\/\/www.ericazanney.com\/index.php\/ma-bio\/\"]}]},{\"@type\":\"ImageObject\",\"inLanguage\":\"fr-FR\",\"@id\":\"https:\/\/www.ericazanney.com\/index.php\/ma-bio\/#primaryimage\",\"url\":\"https:\/\/www.ericazanney.com\/wp-content\/uploads\/2025\/07\/cossi-eric-azanney1.jpg\",\"contentUrl\":\"https:\/\/www.ericazanney.com\/wp-content\/uploads\/2025\/07\/cossi-eric-azanney1.jpg\",\"width\":749,\"height\":1124},{\"@type\":\"BreadcrumbList\",\"@id\":\"https:\/\/www.ericazanney.com\/index.php\/ma-bio\/#breadcrumb\",\"itemListElement\":[{\"@type\":\"ListItem\",\"position\":1,\"name\":\"Home\",\"item\":\"https:\/\/www.ericazanney.com\/\"},{\"@type\":\"ListItem\",\"position\":2,\"name\":\"Ma bio\"}]},{\"@type\":\"WebSite\",\"@id\":\"https:\/\/www.ericazanney.com\/#website\",\"url\":\"https:\/\/www.ericazanney.com\/\",\"name\":\"Blog Cossi Eric Azanney\",\"description\":\"\",\"publisher\":{\"@id\":\"https:\/\/www.ericazanney.com\/#organization\"},\"alternateName\":\"Cossi Eric Azanney\",\"potentialAction\":[{\"@type\":\"SearchAction\",\"target\":{\"@type\":\"EntryPoint\",\"urlTemplate\":\"https:\/\/www.ericazanney.com\/?s={search_term_string}\"},\"query-input\":{\"@type\":\"PropertyValueSpecification\",\"valueRequired\":true,\"valueName\":\"search_term_string\"}}],\"inLanguage\":\"fr-FR\"},{\"@type\":\"Organization\",\"@id\":\"https:\/\/www.ericazanney.com\/#organization\",\"name\":\"Blog Cossi Eric Azanney\",\"alternateName\":\"Cossi Eric Azanney\",\"url\":\"https:\/\/www.ericazanney.com\/\",\"logo\":{\"@type\":\"ImageObject\",\"inLanguage\":\"fr-FR\",\"@id\":\"https:\/\/www.ericazanney.com\/#\/schema\/logo\/image\/\",\"url\":\"https:\/\/www.ericazanney.com\/wp-content\/uploads\/2025\/07\/logo-cea-bleu.png\",\"contentUrl\":\"https:\/\/www.ericazanney.com\/wp-content\/uploads\/2025\/07\/logo-cea-bleu.png\",\"width\":800,\"height\":400,\"caption\":\"Blog Cossi Eric Azanney\"},\"image\":{\"@id\":\"https:\/\/www.ericazanney.com\/#\/schema\/logo\/image\/\"}}]}<\/script>\n<!-- \/ Yoast SEO plugin. -->","yoast_head_json":{"title":"Biographie de Cossi Eric Azanney","description":"Cossi Eric Azanney, Journaliste et professionnel des industries culturelles et cr\u00e9atives. Form\u00e9 en Lettres modernes, en journalisme","robots":{"index":"index","follow":"follow","max-snippet":"max-snippet:-1","max-image-preview":"max-image-preview:large","max-video-preview":"max-video-preview:-1"},"canonical":"https:\/\/www.ericazanney.com\/index.php\/ma-bio\/","og_locale":"fr_FR","og_type":"article","og_title":"Biographie de Cossi Eric Azanney","og_description":"Cossi Eric Azanney, Journaliste et professionnel des industries culturelles et cr\u00e9atives. Form\u00e9 en Lettres modernes, en journalisme","og_url":"https:\/\/www.ericazanney.com\/index.php\/ma-bio\/","og_site_name":"Blog Cossi Eric Azanney","article_modified_time":"2025-08-08T10:43:33+00:00","og_image":[{"width":749,"height":1124,"url":"https:\/\/www.ericazanney.com\/wp-content\/uploads\/2025\/07\/cossi-eric-azanney1.jpg","type":"image\/jpeg"}],"twitter_card":"summary_large_image","twitter_misc":{"Dur\u00e9e de lecture estim\u00e9e":"4 minutes"},"schema":{"@context":"https:\/\/schema.org","@graph":[{"@type":"WebPage","@id":"https:\/\/www.ericazanney.com\/index.php\/ma-bio\/","url":"https:\/\/www.ericazanney.com\/index.php\/ma-bio\/","name":"Biographie de Cossi Eric Azanney","isPartOf":{"@id":"https:\/\/www.ericazanney.com\/#website"},"primaryImageOfPage":{"@id":"https:\/\/www.ericazanney.com\/index.php\/ma-bio\/#primaryimage"},"image":{"@id":"https:\/\/www.ericazanney.com\/index.php\/ma-bio\/#primaryimage"},"thumbnailUrl":"https:\/\/www.ericazanney.com\/wp-content\/uploads\/2025\/07\/cossi-eric-azanney1-682x1024.jpg","datePublished":"2025-07-18T07:42:07+00:00","dateModified":"2025-08-08T10:43:33+00:00","description":"Cossi Eric Azanney, Journaliste et professionnel des industries culturelles et cr\u00e9atives. Form\u00e9 en Lettres modernes, en journalisme","breadcrumb":{"@id":"https:\/\/www.ericazanney.com\/index.php\/ma-bio\/#breadcrumb"},"inLanguage":"fr-FR","potentialAction":[{"@type":"ReadAction","target":["https:\/\/www.ericazanney.com\/index.php\/ma-bio\/"]}]},{"@type":"ImageObject","inLanguage":"fr-FR","@id":"https:\/\/www.ericazanney.com\/index.php\/ma-bio\/#primaryimage","url":"https:\/\/www.ericazanney.com\/wp-content\/uploads\/2025\/07\/cossi-eric-azanney1.jpg","contentUrl":"https:\/\/www.ericazanney.com\/wp-content\/uploads\/2025\/07\/cossi-eric-azanney1.jpg","width":749,"height":1124},{"@type":"BreadcrumbList","@id":"https:\/\/www.ericazanney.com\/index.php\/ma-bio\/#breadcrumb","itemListElement":[{"@type":"ListItem","position":1,"name":"Home","item":"https:\/\/www.ericazanney.com\/"},{"@type":"ListItem","position":2,"name":"Ma bio"}]},{"@type":"WebSite","@id":"https:\/\/www.ericazanney.com\/#website","url":"https:\/\/www.ericazanney.com\/","name":"Blog Cossi Eric Azanney","description":"","publisher":{"@id":"https:\/\/www.ericazanney.com\/#organization"},"alternateName":"Cossi Eric Azanney","potentialAction":[{"@type":"SearchAction","target":{"@type":"EntryPoint","urlTemplate":"https:\/\/www.ericazanney.com\/?s={search_term_string}"},"query-input":{"@type":"PropertyValueSpecification","valueRequired":true,"valueName":"search_term_string"}}],"inLanguage":"fr-FR"},{"@type":"Organization","@id":"https:\/\/www.ericazanney.com\/#organization","name":"Blog Cossi Eric Azanney","alternateName":"Cossi Eric Azanney","url":"https:\/\/www.ericazanney.com\/","logo":{"@type":"ImageObject","inLanguage":"fr-FR","@id":"https:\/\/www.ericazanney.com\/#\/schema\/logo\/image\/","url":"https:\/\/www.ericazanney.com\/wp-content\/uploads\/2025\/07\/logo-cea-bleu.png","contentUrl":"https:\/\/www.ericazanney.com\/wp-content\/uploads\/2025\/07\/logo-cea-bleu.png","width":800,"height":400,"caption":"Blog Cossi Eric Azanney"},"image":{"@id":"https:\/\/www.ericazanney.com\/#\/schema\/logo\/image\/"}}]}},"_links":{"self":[{"href":"https:\/\/www.ericazanney.com\/index.php\/wp-json\/wp\/v2\/pages\/42","targetHints":{"allow":["GET"]}}],"collection":[{"href":"https:\/\/www.ericazanney.com\/index.php\/wp-json\/wp\/v2\/pages"}],"about":[{"href":"https:\/\/www.ericazanney.com\/index.php\/wp-json\/wp\/v2\/types\/page"}],"author":[{"embeddable":true,"href":"https:\/\/www.ericazanney.com\/index.php\/wp-json\/wp\/v2\/users\/1"}],"replies":[{"embeddable":true,"href":"https:\/\/www.ericazanney.com\/index.php\/wp-json\/wp\/v2\/comments?post=42"}],"version-history":[{"count":116,"href":"https:\/\/www.ericazanney.com\/index.php\/wp-json\/wp\/v2\/pages\/42\/revisions"}],"predecessor-version":[{"id":1792,"href":"https:\/\/www.ericazanney.com\/index.php\/wp-json\/wp\/v2\/pages\/42\/revisions\/1792"}],"wp:attachment":[{"href":"https:\/\/www.ericazanney.com\/index.php\/wp-json\/wp\/v2\/media?parent=42"}],"curies":[{"name":"wp","href":"https:\/\/api.w.org\/{rel}","templated":true}]}}